{"id":1208,"date":"2021-01-30T16:50:50","date_gmt":"2021-01-30T16:50:50","guid":{"rendered":"https:\/\/wordpress.vecurosoft.com\/grillinator\/?page_id=1208"},"modified":"2024-10-22T01:49:18","modified_gmt":"2024-10-22T01:49:18","slug":"nuestra-familia","status":"publish","type":"page","link":"https:\/\/taitico.com\/en\/nuestra-familia\/","title":{"rendered":"Our Family"},"content":{"rendered":"<div data-elementor-type=\"wp-page\" data-elementor-id=\"1208\" class=\"elementor elementor-1208\">\n\t\t\t\t\t\t\t\t\t<section class=\"elementor-section elementor-top-section elementor-element elementor-element-a6a1d6f elementor-section-full_width elementor-section-height-default elementor-section-height-default\" data-id=\"a6a1d6f\" data-element_type=\"section\" data-settings=\"{&quot;background_background&quot;:&quot;classic&quot;}\">\n\t\t\t\t\t\t<div class=\"elementor-container elementor-column-gap-no\">\n\t\t\t\t\t<div class=\"elementor-column elementor-col-100 elementor-top-column elementor-element elementor-element-02147d0\" data-id=\"02147d0\" data-element_type=\"column\" data-settings=\"{&quot;background_background&quot;:&quot;classic&quot;}\">\n\t\t\t<div class=\"elementor-widget-wrap elementor-element-populated\">\n\t\t\t\t\t\t\t\t<section class=\"elementor-section elementor-inner-section elementor-element elementor-element-3da9953 elementor-section-full_width elementor-section-height-default elementor-section-height-default\" data-id=\"3da9953\" data-element_type=\"section\">\n\t\t\t\t\t\t<div class=\"elementor-container elementor-column-gap-no\">\n\t\t\t\t\t<div class=\"elementor-column elementor-col-100 elementor-inner-column elementor-element elementor-element-61e9b4b\" data-id=\"61e9b4b\" data-element_type=\"column\" data-settings=\"{&quot;background_background&quot;:&quot;classic&quot;}\">\n\t\t\t<div class=\"elementor-widget-wrap elementor-element-populated\">\n\t\t\t\t\t\t\t\t<div class=\"elementor-element elementor-element-eb255d8 elementor-widget elementor-widget-image\" data-id=\"eb255d8\" data-element_type=\"widget\" data-widget_type=\"image.default\">\n\t\t\t\t<div class=\"elementor-widget-container\">\n\t\t\t<style>\/*! elementor - v3.18.0 - 20-12-2023 *\/\n.elementor-widget-image{text-align:center}.elementor-widget-image a{display:inline-block}.elementor-widget-image a img[src$=\".svg\"]{width:48px}.elementor-widget-image img{vertical-align:middle;display:inline-block}<\/style>\t\t\t\t\t\t\t\t\t\t\t\t<img fetchpriority=\"high\" decoding=\"async\" width=\"751\" height=\"214\" src=\"https:\/\/taitico.com\/wp-content\/uploads\/2024\/10\/Banner-web-taitico-1-scaled-1-1024x292.jpg\" class=\"attachment-large size-large wp-image-6498\" alt=\"\" srcset=\"https:\/\/taitico.com\/wp-content\/uploads\/2024\/10\/Banner-web-taitico-1-scaled-1-1024x292.jpg 1024w, https:\/\/taitico.com\/wp-content\/uploads\/2024\/10\/Banner-web-taitico-1-scaled-1-300x86.jpg 300w, https:\/\/taitico.com\/wp-content\/uploads\/2024\/10\/Banner-web-taitico-1-scaled-1-768x219.jpg 768w, https:\/\/taitico.com\/wp-content\/uploads\/2024\/10\/Banner-web-taitico-1-scaled-1-1536x438.jpg 1536w, https:\/\/taitico.com\/wp-content\/uploads\/2024\/10\/Banner-web-taitico-1-scaled-1-2048x584.jpg 2048w, https:\/\/taitico.com\/wp-content\/uploads\/2024\/10\/Banner-web-taitico-1-scaled-1-18x5.jpg 18w, https:\/\/taitico.com\/wp-content\/uploads\/2024\/10\/Banner-web-taitico-1-scaled-1-600x171.jpg 600w\" sizes=\"(max-width: 751px) 100vw, 751px\" \/>\t\t\t\t\t\t\t\t\t\t\t\t\t\t\t<\/div>\n\t\t\t\t<\/div>\n\t\t\t\t<div class=\"elementor-element elementor-element-c0d1728 elementor-widget elementor-widget-text-editor\" data-id=\"c0d1728\" data-element_type=\"widget\" data-widget_type=\"text-editor.default\">\n\t\t\t\t<div class=\"elementor-widget-container\">\n\t\t\t<style>\/*! elementor - v3.18.0 - 20-12-2023 *\/\n.elementor-widget-text-editor.elementor-drop-cap-view-stacked .elementor-drop-cap{background-color:#69727d;color:#fff}.elementor-widget-text-editor.elementor-drop-cap-view-framed .elementor-drop-cap{color:#69727d;border:3px solid;background-color:transparent}.elementor-widget-text-editor:not(.elementor-drop-cap-view-default) .elementor-drop-cap{margin-top:8px}.elementor-widget-text-editor:not(.elementor-drop-cap-view-default) .elementor-drop-cap-letter{width:1em;height:1em}.elementor-widget-text-editor .elementor-drop-cap{float:left;text-align:center;line-height:1;font-size:50px}.elementor-widget-text-editor .elementor-drop-cap-letter{display:inline-block}<\/style>\t\t\t\t<span style=\"color: #bc2f2c;\">taitico<\/span> It's the perfect place for those seeking to delight in the exquisite flavors of traditional cuisine. Here, we're not just colleagues but a family united by our passion for cooking and Cuenca's traditions. Amidst laughter and tempting aromas, we share stories while meticulously preparing each dish, ensuring that every customer experiences not just a feast for the palate but also a warm embrace of hospitality.\n\n<br>\n<br>\nIn <span style=\"color: #bc2f2c;\">taitico<\/span>, culinary excellence merges with human warmth, creating a unique gastronomic experience that leaves a lasting impression in the hearts of those who enjoy it.\"\n<br>\n<br>\nVisit our locals at:\n<br>\n\ud83d\udccd Local San Joaqu\u00edn \u2013 Barabon\n\nTo Soldados at 500m from Cuenca Tenis Golf Club\n<br>\n&nbsp;\n\n\ud83d\udccdLocal Centro\n\nJuan Jos\u00e9 Flores 2-85 and Gonzalo Zaldumbide\t\t\t\t\t\t<\/div>\n\t\t\t\t<\/div>\n\t\t\t\t\t<\/div>\n\t\t<\/div>\n\t\t\t\t\t\t\t<\/div>\n\t\t<\/section>\n\t\t\t\t\t<\/div>\n\t\t<\/div>\n\t\t\t\t\t\t\t<\/div>\n\t\t<\/section>\n\t\t<div class=\"elementor-element elementor-element-0b3cbf1 e-flex e-con-boxed e-con e-parent\" data-id=\"0b3cbf1\" data-element_type=\"container\" data-settings=\"{&quot;content_width&quot;:&quot;boxed&quot;}\" data-core-v316-plus=\"true\">\n\t\t\t\t\t<div class=\"e-con-inner\">\n\t\t\t\t\t<\/div>\n\t\t\t\t<\/div>\n\t\t\t\t\t\t\t<\/div>","protected":false},"excerpt":{"rendered":"<p>taitico es el lugar perfecto para aquellos que buscan deleitarse con la exquisitez de la comida criolla. Aqu\u00ed, no solo somos colegas, sino una familia unida por su pasi\u00f3n por la cocina y la tradici\u00f3n cuencana. Entre risas y aromas tentadores, compartimos historias mientras preparamos con esmero cada plato, asegur\u00e1ndonos de que cada cliente experimente&#8230;<\/p>","protected":false},"author":1,"featured_media":0,"parent":0,"menu_order":0,"comment_status":"closed","ping_status":"closed","template":"template-builder.php","meta":{"_joinchat":[],"footnotes":""},"class_list":["post-1208","page","type-page","status-publish","hentry"],"yoast_head":"<!-- This site is optimized with the Yoast SEO plugin v22.2 - https:\/\/yoast.com\/wordpress\/plugins\/seo\/ -->\n<title>Nuestra Familia | Taitico por Mi Escondite<\/title>\n<meta name=\"description\" content=\"Conoce a los miembros de Nuestra Familia que hacen posible cada delicioso plato en nuestro men\u00fa. Desde nuestros h\u00e1biles cocineros hasta nuestro atento personal que te har\u00e1n sentir como en casa, cada miembro de nuestro equipo se esfuerza por ofrecerte una experiencia gastron\u00f3mica aut\u00e9ntica y memorable.\" \/>\n<meta name=\"robots\" content=\"index, follow, max-snippet:-1, max-image-preview:large, max-video-preview:-1\" \/>\n<link rel=\"canonical\" href=\"https:\/\/taitico.com\/en\/nuestra-familia\/\" \/>\n<meta property=\"og:locale\" content=\"en_US\" \/>\n<meta property=\"og:type\" content=\"article\" \/>\n<meta property=\"og:title\" content=\"Nuestra Familia | Taitico por Mi Escondite\" \/>\n<meta property=\"og:description\" content=\"Conoce a los miembros de Nuestra Familia que hacen posible cada delicioso plato en nuestro men\u00fa. Desde nuestros h\u00e1biles cocineros hasta nuestro atento personal que te har\u00e1n sentir como en casa, cada miembro de nuestro equipo se esfuerza por ofrecerte una experiencia gastron\u00f3mica aut\u00e9ntica y memorable.\" \/>\n<meta property=\"og:url\" content=\"https:\/\/taitico.com\/en\/nuestra-familia\/\" \/>\n<meta property=\"og:site_name\" content=\"Taitico\" \/>\n<meta property=\"article:publisher\" content=\"https:\/\/www.facebook.com\/profile.php?id=61554714273690&amp;mibextid=kFxxJD\" \/>\n<meta property=\"article:modified_time\" content=\"2024-10-22T01:49:18+00:00\" \/>\n<meta property=\"og:image\" content=\"https:\/\/taitico.com\/wp-content\/uploads\/2024\/10\/Banner-web-taitico-1-scaled-1-1024x292.jpg\" \/>\n<meta name=\"twitter:card\" content=\"summary_large_image\" \/>\n<meta name=\"twitter:label1\" content=\"Est. reading time\" \/>\n\t<meta name=\"twitter:data1\" content=\"1 minute\" \/>\n<script type=\"application\/ld+json\" class=\"yoast-schema-graph\">{\"@context\":\"https:\/\/schema.org\",\"@graph\":[{\"@type\":\"WebPage\",\"@id\":\"https:\/\/taitico.com\/nuestra-familia\/\",\"url\":\"https:\/\/taitico.com\/nuestra-familia\/\",\"name\":\"Nuestra Familia | Taitico por Mi Escondite\",\"isPartOf\":{\"@id\":\"https:\/\/taitico.com\/#website\"},\"primaryImageOfPage\":{\"@id\":\"https:\/\/taitico.com\/nuestra-familia\/#primaryimage\"},\"image\":{\"@id\":\"https:\/\/taitico.com\/nuestra-familia\/#primaryimage\"},\"thumbnailUrl\":\"https:\/\/taitico.com\/wp-content\/uploads\/2024\/10\/Banner-web-taitico-1-scaled-1-1024x292.jpg\",\"datePublished\":\"2021-01-30T16:50:50+00:00\",\"dateModified\":\"2024-10-22T01:49:18+00:00\",\"description\":\"Conoce a los miembros de Nuestra Familia que hacen posible cada delicioso plato en nuestro men\u00fa. Desde nuestros h\u00e1biles cocineros hasta nuestro atento personal que te har\u00e1n sentir como en casa, cada miembro de nuestro equipo se esfuerza por ofrecerte una experiencia gastron\u00f3mica aut\u00e9ntica y memorable.\",\"breadcrumb\":{\"@id\":\"https:\/\/taitico.com\/nuestra-familia\/#breadcrumb\"},\"inLanguage\":\"en-US\",\"potentialAction\":[{\"@type\":\"ReadAction\",\"target\":[\"https:\/\/taitico.com\/nuestra-familia\/\"]}]},{\"@type\":\"ImageObject\",\"inLanguage\":\"en-US\",\"@id\":\"https:\/\/taitico.com\/nuestra-familia\/#primaryimage\",\"url\":\"https:\/\/taitico.com\/wp-content\/uploads\/2024\/10\/Banner-web-taitico-1-scaled-1.jpg\",\"contentUrl\":\"https:\/\/taitico.com\/wp-content\/uploads\/2024\/10\/Banner-web-taitico-1-scaled-1.jpg\",\"width\":2560,\"height\":730},{\"@type\":\"BreadcrumbList\",\"@id\":\"https:\/\/taitico.com\/nuestra-familia\/#breadcrumb\",\"itemListElement\":[{\"@type\":\"ListItem\",\"position\":1,\"name\":\"Portada\",\"item\":\"https:\/\/taitico.com\/\"},{\"@type\":\"ListItem\",\"position\":2,\"name\":\"Nuestra Familia\"}]},{\"@type\":\"WebSite\",\"@id\":\"https:\/\/taitico.com\/#website\",\"url\":\"https:\/\/taitico.com\/\",\"name\":\"Taitico\",\"description\":\"Por Mi Escondite\",\"publisher\":{\"@id\":\"https:\/\/taitico.com\/#organization\"},\"alternateName\":\"Taitico\",\"potentialAction\":[{\"@type\":\"SearchAction\",\"target\":{\"@type\":\"EntryPoint\",\"urlTemplate\":\"https:\/\/taitico.com\/?s={search_term_string}\"},\"query-input\":\"required name=search_term_string\"}],\"inLanguage\":\"en-US\"},{\"@type\":\"Organization\",\"@id\":\"https:\/\/taitico.com\/#organization\",\"name\":\"Taitico\",\"url\":\"https:\/\/taitico.com\/\",\"logo\":{\"@type\":\"ImageObject\",\"inLanguage\":\"en-US\",\"@id\":\"https:\/\/taitico.com\/#\/schema\/logo\/image\/\",\"url\":\"https:\/\/taitico.com\/wp-content\/uploads\/2024\/01\/WhatsApp-Image-2024-01-11-at-8.57.23-PM.jpeg\",\"contentUrl\":\"https:\/\/taitico.com\/wp-content\/uploads\/2024\/01\/WhatsApp-Image-2024-01-11-at-8.57.23-PM.jpeg\",\"width\":258,\"height\":256,\"caption\":\"Taitico\"},\"image\":{\"@id\":\"https:\/\/taitico.com\/#\/schema\/logo\/image\/\"},\"sameAs\":[\"https:\/\/www.facebook.com\/profile.php?id=61554714273690&mibextid=kFxxJD\",\"https:\/\/www.instagram.com\/taitico.restaurante?igsh=a2dqajg2YzhkZDBs\",\"https:\/\/www.tiktok.com\/@taitico.com?_t=8k4qgTCBUDW&_r=1\"]}]}<\/script>\n<!-- \/ Yoast SEO plugin. -->","yoast_head_json":{"title":"Nuestra Familia | Taitico por Mi Escondite","description":"Conoce a los miembros de Nuestra Familia que hacen posible cada delicioso plato en nuestro men\u00fa. Desde nuestros h\u00e1biles cocineros hasta nuestro atento personal que te har\u00e1n sentir como en casa, cada miembro de nuestro equipo se esfuerza por ofrecerte una experiencia gastron\u00f3mica aut\u00e9ntica y memorable.","robots":{"index":"index","follow":"follow","max-snippet":"max-snippet:-1","max-image-preview":"max-image-preview:large","max-video-preview":"max-video-preview:-1"},"canonical":"https:\/\/taitico.com\/en\/nuestra-familia\/","og_locale":"en_US","og_type":"article","og_title":"Nuestra Familia | Taitico por Mi Escondite","og_description":"Conoce a los miembros de Nuestra Familia que hacen posible cada delicioso plato en nuestro men\u00fa. Desde nuestros h\u00e1biles cocineros hasta nuestro atento personal que te har\u00e1n sentir como en casa, cada miembro de nuestro equipo se esfuerza por ofrecerte una experiencia gastron\u00f3mica aut\u00e9ntica y memorable.","og_url":"https:\/\/taitico.com\/en\/nuestra-familia\/","og_site_name":"Taitico","article_publisher":"https:\/\/www.facebook.com\/profile.php?id=61554714273690&mibextid=kFxxJD","article_modified_time":"2024-10-22T01:49:18+00:00","og_image":[{"url":"https:\/\/taitico.com\/wp-content\/uploads\/2024\/10\/Banner-web-taitico-1-scaled-1-1024x292.jpg"}],"twitter_card":"summary_large_image","twitter_misc":{"Est. reading time":"1 minute"},"schema":{"@context":"https:\/\/schema.org","@graph":[{"@type":"WebPage","@id":"https:\/\/taitico.com\/nuestra-familia\/","url":"https:\/\/taitico.com\/nuestra-familia\/","name":"Nuestra Familia | Taitico por Mi Escondite","isPartOf":{"@id":"https:\/\/taitico.com\/#website"},"primaryImageOfPage":{"@id":"https:\/\/taitico.com\/nuestra-familia\/#primaryimage"},"image":{"@id":"https:\/\/taitico.com\/nuestra-familia\/#primaryimage"},"thumbnailUrl":"https:\/\/taitico.com\/wp-content\/uploads\/2024\/10\/Banner-web-taitico-1-scaled-1-1024x292.jpg","datePublished":"2021-01-30T16:50:50+00:00","dateModified":"2024-10-22T01:49:18+00:00","description":"Conoce a los miembros de Nuestra Familia que hacen posible cada delicioso plato en nuestro men\u00fa. Desde nuestros h\u00e1biles cocineros hasta nuestro atento personal que te har\u00e1n sentir como en casa, cada miembro de nuestro equipo se esfuerza por ofrecerte una experiencia gastron\u00f3mica aut\u00e9ntica y memorable.","breadcrumb":{"@id":"https:\/\/taitico.com\/nuestra-familia\/#breadcrumb"},"inLanguage":"en-US","potentialAction":[{"@type":"ReadAction","target":["https:\/\/taitico.com\/nuestra-familia\/"]}]},{"@type":"ImageObject","inLanguage":"en-US","@id":"https:\/\/taitico.com\/nuestra-familia\/#primaryimage","url":"https:\/\/taitico.com\/wp-content\/uploads\/2024\/10\/Banner-web-taitico-1-scaled-1.jpg","contentUrl":"https:\/\/taitico.com\/wp-content\/uploads\/2024\/10\/Banner-web-taitico-1-scaled-1.jpg","width":2560,"height":730},{"@type":"BreadcrumbList","@id":"https:\/\/taitico.com\/nuestra-familia\/#breadcrumb","itemListElement":[{"@type":"ListItem","position":1,"name":"Portada","item":"https:\/\/taitico.com\/"},{"@type":"ListItem","position":2,"name":"Nuestra Familia"}]},{"@type":"WebSite","@id":"https:\/\/taitico.com\/#website","url":"https:\/\/taitico.com\/","name":"Taitico","description":"Por Mi Escondite","publisher":{"@id":"https:\/\/taitico.com\/#organization"},"alternateName":"Taitico","potentialAction":[{"@type":"SearchAction","target":{"@type":"EntryPoint","urlTemplate":"https:\/\/taitico.com\/?s={search_term_string}"},"query-input":"required name=search_term_string"}],"inLanguage":"en-US"},{"@type":"Organization","@id":"https:\/\/taitico.com\/#organization","name":"Taitico","url":"https:\/\/taitico.com\/","logo":{"@type":"ImageObject","inLanguage":"en-US","@id":"https:\/\/taitico.com\/#\/schema\/logo\/image\/","url":"https:\/\/taitico.com\/wp-content\/uploads\/2024\/01\/WhatsApp-Image-2024-01-11-at-8.57.23-PM.jpeg","contentUrl":"https:\/\/taitico.com\/wp-content\/uploads\/2024\/01\/WhatsApp-Image-2024-01-11-at-8.57.23-PM.jpeg","width":258,"height":256,"caption":"Taitico"},"image":{"@id":"https:\/\/taitico.com\/#\/schema\/logo\/image\/"},"sameAs":["https:\/\/www.facebook.com\/profile.php?id=61554714273690&mibextid=kFxxJD","https:\/\/www.instagram.com\/taitico.restaurante?igsh=a2dqajg2YzhkZDBs","https:\/\/www.tiktok.com\/@taitico.com?_t=8k4qgTCBUDW&_r=1"]}]}},"_links":{"self":[{"href":"https:\/\/taitico.com\/en\/wp-json\/wp\/v2\/pages\/1208"}],"collection":[{"href":"https:\/\/taitico.com\/en\/wp-json\/wp\/v2\/pages"}],"about":[{"href":"https:\/\/taitico.com\/en\/wp-json\/wp\/v2\/types\/page"}],"author":[{"embeddable":true,"href":"https:\/\/taitico.com\/en\/wp-json\/wp\/v2\/users\/1"}],"replies":[{"embeddable":true,"href":"https:\/\/taitico.com\/en\/wp-json\/wp\/v2\/comments?post=1208"}],"version-history":[{"count":46,"href":"https:\/\/taitico.com\/en\/wp-json\/wp\/v2\/pages\/1208\/revisions"}],"predecessor-version":[{"id":6501,"href":"https:\/\/taitico.com\/en\/wp-json\/wp\/v2\/pages\/1208\/revisions\/6501"}],"wp:attachment":[{"href":"https:\/\/taitico.com\/en\/wp-json\/wp\/v2\/media?parent=1208"}],"curies":[{"name":"wp","href":"https:\/\/api.w.org\/{rel}","templated":true}]}}